{"id":79,"date":"2025-10-08T11:07:46","date_gmt":"2025-10-08T11:07:46","guid":{"rendered":"https:\/\/rqsto.fr\/?page_id=79"},"modified":"2025-10-08T11:07:46","modified_gmt":"2025-10-08T11:07:46","slug":"references-nos-clients","status":"publish","type":"page","link":"https:\/\/rqsto.fr\/index.php\/nos-prestations\/references-nos-clients\/","title":{"rendered":"R\u00e9f\u00e9rences \/ Nos clients"},"content":{"rendered":"\n<div class=\"wp-block-group alignwide is-layout-flow wp-block-group-is-layout-flow\">\n    \n    <div style=\"height:20px\" aria-hidden=\"true\" class=\"wp-block-spacer\">\n    <\/div>\n    \n    \n    <h3 class=\"wp-block-heading has-text-align-center\">T&eacute;moignages<\/h3>\n    \n    <div class=\"row justify-content-center\">            <div class=\"col-4  mt-4\">            <div class=\"card mb-3 h-100 rounded-0 shadow-sm \">                <div class=\"card-body\">                    <p class=\"card-title text-primary display-3\">                        <i class=\"bi bi-quote\"><\/i>                    <\/p>                    <p class=\"card-text text-justify\">                        Je souhaite vous adresser mes plus sinc\u00e8res remerciements pour la qualit\u00e9 de votre intervention au sein de notre Institut M\u00e9dico Educatif Ambroise Croizat. Votre \u00e9quipe s\u2019est distingu\u00e9e par son grand professionnalisme, sa ponctualit\u00e9, son efficacit\u00e9 et surtout par sa bienveillance durant ces 2 jours.Au-del\u00e0 de la qualit\u00e9 du travail r\u00e9alis\u00e9, votre \u00e9quipe ont su cr\u00e9er un v\u00e9ritable lien avec les jeunes hommes en situation de handicap que nous accompagnons au quotidien. Leur attitude respectueuse et chaleureuse a favoris\u00e9 des \u00e9changes profond\u00e9ment humains, empreints d\u2019\u00e9coute et de partage, qui ont enrichi \u00e0 la fois nos jeunes et votre \u00e9quipe.Votre engagement et votre sens du service ont largement d\u00e9pass\u00e9 nos attentes, illustrant parfaitement les valeurs de solidarit\u00e9 et de proximit\u00e9 que porte la R\u00e9gie de Quartier de Saint-Ouen-sur-Seine.Je vous remercie \u00e0 nouveau pour cette belle collaboration et esp\u00e8re que nous aurons l\u2019occasion de renouveler cette exp\u00e9rience dans le futur.&lt;strong&gt;\u00ab\u00a0Ce partenariat, porteur de sens, illustre toute la valeur de la collaboration au service d\u2019un objectif commun\u202f: permettre \u00e0 chacun de trouver sa propre trajectoire. Lorsque nos rep\u00e8res se brouillent, rien n\u2019est plus pr\u00e9cieux que de se reconnecter \u00e0 la nature et \u00e0 l\u2019environnement pour retrouver l\u2019essentiel\u00a0\u00bb&lt;\/strong&gt;                    <\/p>                    <p class=\"card-text mt-\">                        <strong>                        IME Ambroise CROIZAT                        <\/strong>                    <\/p>                <\/div>            <\/div>        <\/div>            <div class=\"col-4  mt-4\">            <div class=\"card mb-3 h-100 rounded-0 shadow-sm \">                <div class=\"card-body\">                    <p class=\"card-title text-primary display-3\">                        <i class=\"bi bi-quote\"><\/i>                    <\/p>                    <p class=\"card-text text-justify\">                         &quot;La r\u00e9gie des quartier a r\u00e9pondu \u00e0 notre besoin de refaire la treille de la vigne du Rucher Audonien p\u00e9dagogique. Le travail a \u00e9t\u00e9 de qualit\u00e9, en une apr\u00e9s-midi. Ils ont en plus \u00e9taient adorables avec les jardiniers des Jardins Ouvriers venus voir ce qu&#039;il se passaient et pr\u00eater main forte.La bonne humeur, l&#039;adaptation, le s\u00e9rieux de l&#039;\u00e9quipe est un vrai plaisir.&quot;                    <\/p>                    <p class=\"card-text mt-\">                        <strong>                        LE RUCHER Ville de Saint Ouen                        <\/strong>                    <\/p>                <\/div>            <\/div>        <\/div>            <div class=\"col-4  mt-4\">            <div class=\"card mb-3 h-100 rounded-0 shadow-sm \">                <div class=\"card-body\">                    <p class=\"card-title text-primary display-3\">                        <i class=\"bi bi-quote\"><\/i>                    <\/p>                    <p class=\"card-text text-justify\">                        Duis euismod eu nunc nec viverra. Aliquam consequat euismod nibh eu efficitur. Suspendisse congue sapien sit amet ipsum dapibus sodales. Quisque tincidunt bibendum nulla, vel fermentum diam pellentesque ultrices. Phasellus faucibus nisi tellus, vitae placerat mi tincidunt sit amet. In id augue nulla                    <\/p>                    <p class=\"card-text mt-\">                        <strong>                        Brand Name 3                        <\/strong>                    <\/p>                <\/div>            <\/div>        <\/div>    <\/div>\n\n    \n    <hr class=\"wp-block-separator aligncenter has-alpha-channel-opacity\" style=\"margin-top:var(--wp--preset--spacing--40);margin-bottom:var(--wp--preset--spacing--40)\">\n    \n    \n    <h3 class=\"wp-block-heading has-text-align-center\">Ils nous font confiance<\/h3>\n    \n    \n    <p><\/p>\n    \n    \n    <figure class=\"wp-block-gallery aligncenter has-nested-images columns-default lrdq_logos wp-block-gallery-1 is-layout-flex wp-block-gallery-is-layout-flex\">\n        \n        <figure class=\"wp-block-image size-thumbnail\">\n            <img loading=\"lazy\" decoding=\"async\" width=\"150\" height=\"150\" data-id=\"40\" src=\"https:\/\/rqsto.fr\/wp-content\/uploads\/2025\/10\/logo_semiso-150x150.png\" alt=\"\" class=\"wp-image-40\" srcset=\"https:\/\/rqsto.fr\/wp-content\/uploads\/2025\/10\/logo_semiso-150x150.png 150w, https:\/\/rqsto.fr\/wp-content\/uploads\/2025\/10\/logo_semiso.png 188w\" sizes=\"auto, (max-width: 150px) 100vw, 150px\" \/>\n        <\/figure>\n        \n        \n        <figure class=\"wp-block-image size-medium\">\n            <img loading=\"lazy\" decoding=\"async\" width=\"300\" height=\"118\" data-id=\"35\" src=\"https:\/\/rqsto.fr\/wp-content\/uploads\/2025\/10\/logo-plaine-commune-habitat-300x118.png\" alt=\"\" class=\"wp-image-35\" srcset=\"https:\/\/rqsto.fr\/wp-content\/uploads\/2025\/10\/logo-plaine-commune-habitat-300x118.png 300w, https:\/\/rqsto.fr\/wp-content\/uploads\/2025\/10\/logo-plaine-commune-habitat-1024x404.png 1024w, https:\/\/rqsto.fr\/wp-content\/uploads\/2025\/10\/logo-plaine-commune-habitat-768x303.png 768w, https:\/\/rqsto.fr\/wp-content\/uploads\/2025\/10\/logo-plaine-commune-habitat.png 1482w\" sizes=\"auto, (max-width: 300px) 100vw, 300px\" \/>\n        <\/figure>\n        \n        \n        <figure class=\"wp-block-image size-medium\">\n            <img loading=\"lazy\" decoding=\"async\" width=\"300\" height=\"79\" data-id=\"33\" src=\"https:\/\/rqsto.fr\/wp-content\/uploads\/2025\/10\/logo-orange-digital-center-300x79.png\" alt=\"\" class=\"wp-image-33\" srcset=\"https:\/\/rqsto.fr\/wp-content\/uploads\/2025\/10\/logo-orange-digital-center-300x79.png 300w, https:\/\/rqsto.fr\/wp-content\/uploads\/2025\/10\/logo-orange-digital-center-768x201.png 768w, https:\/\/rqsto.fr\/wp-content\/uploads\/2025\/10\/logo-orange-digital-center.png 789w\" sizes=\"auto, (max-width: 300px) 100vw, 300px\" \/>\n        <\/figure>\n        \n        \n        <figure class=\"wp-block-image size-medium\">\n            <img loading=\"lazy\" decoding=\"async\" width=\"201\" height=\"90\" data-id=\"32\" src=\"https:\/\/rqsto.fr\/wp-content\/uploads\/2025\/10\/logo-louis-l-herboristerie.png\" alt=\"\" class=\"wp-image-32\">\n        <\/figure>\n        \n        \n        <figure class=\"wp-block-image size-medium\">\n            <img loading=\"lazy\" decoding=\"async\" width=\"278\" height=\"300\" data-id=\"34\" src=\"https:\/\/rqsto.fr\/wp-content\/uploads\/2025\/10\/logo-perles-etpollens-278x300.jpg\" alt=\"\" class=\"wp-image-34\" srcset=\"https:\/\/rqsto.fr\/wp-content\/uploads\/2025\/10\/logo-perles-etpollens-278x300.jpg 278w, https:\/\/rqsto.fr\/wp-content\/uploads\/2025\/10\/logo-perles-etpollens-947x1024.jpg 947w, https:\/\/rqsto.fr\/wp-content\/uploads\/2025\/10\/logo-perles-etpollens-768x830.jpg 768w, https:\/\/rqsto.fr\/wp-content\/uploads\/2025\/10\/logo-perles-etpollens-1421x1536.jpg 1421w, https:\/\/rqsto.fr\/wp-content\/uploads\/2025\/10\/logo-perles-etpollens.jpg 1768w\" sizes=\"auto, (max-width: 278px) 100vw, 278px\" \/>\n        <\/figure>\n        \n        \n        <figure class=\"wp-block-image size-medium\">\n            <img loading=\"lazy\" decoding=\"async\" width=\"242\" height=\"209\" data-id=\"25\" src=\"https:\/\/rqsto.fr\/wp-content\/uploads\/2025\/10\/logo-antin-residences.png\" alt=\"\" class=\"wp-image-25\">\n        <\/figure>\n        \n    <\/figure>\n    \n    \n    <p class=\"has-text-align-center\"><\/p>\n    \n    \n    <p class=\"has-text-align-center has-large-font-size\">Gr&acirc;ce &agrave; leur confiance, nous renfor&ccedil;ons chaque jour notre action de proximit&eacute; et d&rsquo;insertion.<\/p>\n    \n    \n    <hr class=\"wp-block-separator aligncenter has-alpha-channel-opacity\" style=\"margin-top:var(--wp--preset--spacing--40);margin-bottom:var(--wp--preset--spacing--40)\">\n    \n    \n    <h3 class=\"wp-block-heading has-text-align-center\">Engagement solidaire &amp; RSE :<\/h3>\n    \n    \n    <div class=\"wp-block-columns lrdq-emphasis-icons is-layout-flex wp-container-core-columns-is-layout-28f84493 wp-block-columns-is-layout-flex\">\n        \n        <div class=\"wp-block-column is-layout-flow wp-block-column-is-layout-flow\">\n            \n            <div class=\"wp-block-group gap-2 is-vertical is-content-justification-center is-layout-flex wp-container-core-group-is-layout-ce155fab wp-block-group-is-layout-flex\">\n                \n                <p class=\"ps-2 pe-2 text-white bg-primary has-x-large-font-size\"><i class=\"bi bi-check\"><\/i><\/p>\n                \n                \n                <p class=\"has-text-align-center has-large-font-size\">Une prestation utile &#10004;&#65039;\n                    <br>\n                <\/p>\n                \n            <\/div>\n            \n        <\/div>\n        \n        \n        <div class=\"wp-block-column is-layout-flow wp-block-column-is-layout-flow\">\n            \n            <div class=\"wp-block-group gap-2 is-vertical is-content-justification-center is-layout-flex wp-container-core-group-is-layout-ce155fab wp-block-group-is-layout-flex\">\n                \n                <p class=\"ps-2 pe-2 text-white bg-primary has-x-large-font-size\"><i class=\"bi bi-person\"><\/i><\/p>\n                \n                \n                <p class=\"has-text-align-center has-large-font-size\">Un impact social r&eacute;el &#129309;\n                    <br>\n                <\/p>\n                \n            <\/div>\n            \n        <\/div>\n        \n        \n        <div class=\"wp-block-column is-layout-flow wp-block-column-is-layout-flow\">\n            \n            <div class=\"wp-block-group gap-2 is-vertical is-content-justification-center is-layout-flex wp-container-core-group-is-layout-ce155fab wp-block-group-is-layout-flex\">\n                \n                <p class=\"ps-2 pe-2 text-white bg-primary has-x-large-font-size\"><i class=\"bi bi-globe-europe-africa\"><\/i><\/p>\n                \n                \n                <p class=\"has-text-align-center has-large-font-size\">Un choix responsable &#127793;\n                    <br>\n                <\/p>\n                \n            <\/div>\n            \n        <\/div>\n        \n    <\/div>\n    \n    \n    <div style=\"height:15px\" aria-hidden=\"true\" class=\"wp-block-spacer\">\n    <\/div>\n    \n    \n    <div style=\"height:15px\" aria-hidden=\"true\" class=\"wp-block-spacer\">\n    <\/div>\n    \n    \n    <p class=\"has-text-align-center has-large-font-size\">Choisir la R&eacute;gie des Quartiers de Saint-Ouen, c&rsquo;est plus qu&rsquo;une simple prestation de service.\n        <br>C&rsquo;est un acte d&rsquo;engagement citoyen, au croisement de trois piliers RSE<\/p>\n    \n<\/div>\n","protected":false},"excerpt":{"rendered":"<p>T&eacute;moignages Ils nous font confiance Gr&acirc;ce &agrave; leur confiance, nous renfor&ccedil;ons chaque jour notre action de proximit&eacute; et d&rsquo;insertion. Engagement solidaire &amp; RSE : Une prestation utile &#10004;&#65039; Un impact social r&eacute;el &#129309; Un choix responsable &#127793; Choisir la R&eacute;gie des Quartiers de Saint-Ouen, c&rsquo;est plus qu&rsquo;une simple prestation de service. C&rsquo;est un acte d&rsquo;engagement [&hellip;]<\/p>\n","protected":false},"author":0,"featured_media":0,"parent":73,"menu_order":320,"comment_status":"closed","ping_status":"closed","template":"","meta":{"om_disable_all_campaigns":false,"_monsterinsights_skip_tracking":false,"_monsterinsights_sitenote_active":false,"_monsterinsights_sitenote_note":"","_monsterinsights_sitenote_category":0,"footnotes":""},"class_list":["post-79","page","type-page","status-publish","hentry"],"aioseo_notices":[],"_hostinger_reach_plugin_has_subscription_block":false,"_hostinger_reach_plugin_is_elementor":false,"_links":{"self":[{"href":"https:\/\/rqsto.fr\/index.php\/wp-json\/wp\/v2\/pages\/79","targetHints":{"allow":["GET"]}}],"collection":[{"href":"https:\/\/rqsto.fr\/index.php\/wp-json\/wp\/v2\/pages"}],"about":[{"href":"https:\/\/rqsto.fr\/index.php\/wp-json\/wp\/v2\/types\/page"}],"replies":[{"embeddable":true,"href":"https:\/\/rqsto.fr\/index.php\/wp-json\/wp\/v2\/comments?post=79"}],"version-history":[{"count":1,"href":"https:\/\/rqsto.fr\/index.php\/wp-json\/wp\/v2\/pages\/79\/revisions"}],"predecessor-version":[{"id":80,"href":"https:\/\/rqsto.fr\/index.php\/wp-json\/wp\/v2\/pages\/79\/revisions\/80"}],"up":[{"embeddable":true,"href":"https:\/\/rqsto.fr\/index.php\/wp-json\/wp\/v2\/pages\/73"}],"wp:attachment":[{"href":"https:\/\/rqsto.fr\/index.php\/wp-json\/wp\/v2\/media?parent=79"}],"curies":[{"name":"wp","href":"https:\/\/api.w.org\/{rel}","templated":true}]}}