{"id":71,"date":"2025-10-08T11:07:46","date_gmt":"2025-10-08T11:07:46","guid":{"rendered":"https:\/\/rqsto.fr\/?page_id=71"},"modified":"2025-10-08T11:07:46","modified_gmt":"2025-10-08T11:07:46","slug":"le-lien-social","status":"publish","type":"page","link":"https:\/\/rqsto.fr\/index.php\/notre-engagement-solidaire\/le-lien-social\/","title":{"rendered":"Le Lien Social"},"content":{"rendered":"\n<h2 class=\"wp-block-heading has-text-align-center\">Les R&eacute;gies de Quartier : des actrices du lien social et de la transition &eacute;cologique<\/h2>\n\n\n<div class=\"wp-block-group alignwide has-small-font-size is-layout-flow wp-block-group-is-layout-flow\">\n    \n    <p class=\"has-text-align-center\">Les R&eacute;gies de Quartier ne se limitent pas &agrave; proposer des services (nettoyage, entretien, petits travaux, etc.). Leur objectif est d&rsquo;impliquer les habitants dans ces actions afin qu&rsquo;ils deviennent pleinement acteurs de la vie de leur quartier. Cette d&eacute;marche renforce le sentiment d&rsquo;appartenance et favorise les liens entre les personnes.\n        <br>\n        <br>Cr&eacute;er du lien social, c&rsquo;est aussi faire en sorte que le quartier devienne un espace de vie agr&eacute;able, solidaire, et inclusif, o&ugrave; chacun trouve sa place. Pour cela, les R&eacute;gies mettent en place des animations, des espaces d&rsquo;&eacute;change, et des projets collectifs qui encouragent la convivialit&eacute;.<\/p>\n    \n    \n    <p class=\"has-text-align-center\">\n        <br>Dans cette dynamique, nous organisons r&eacute;guli&egrave;rement, avec les habitants des diff&eacute;rents quartiers de la ville, des actions autour de la transition &eacute;cologique, afin de sensibiliser &agrave; la r&eacute;duction des d&eacute;chets et &agrave; une consommation plus responsable.<\/p>\n    \n    \n    <p class=\"has-text-align-center\">Exemples d&rsquo;actions men&eacute;es :<\/p>\n    \n    \n    <div class=\"wp-block-query lrdq_activit is-layout-flow wp-block-query-is-layout-flow\">\n        <ul class=\"columns-3 lrdq_activities wp-block-post-template is-layout-grid wp-container-core-post-template-is-layout-6d3fbd8f wp-block-post-template-is-layout-grid\"><li class=\"wp-block-post post-94 lrdq_activity type-lrdq_activity status-publish has-post-thumbnail hentry\">\n        \n        <div class=\"wp-block-group is-layout-flow wp-block-group-is-layout-flow\" style=\"padding-top:30px;padding-right:30px;padding-bottom:30px;padding-left:30px\">\n            <figure style=\"aspect-ratio:16\/9;\" class=\"wp-block-post-featured-image\"><img loading=\"lazy\" decoding=\"async\" width=\"396\" height=\"274\" src=\"https:\/\/rqsto.fr\/wp-content\/uploads\/2025\/10\/no-pic.png\" class=\"attachment-post-thumbnail size-post-thumbnail wp-post-image\" alt=\"\" style=\"width:100%;height:100%;object-fit:cover;\" srcset=\"https:\/\/rqsto.fr\/wp-content\/uploads\/2025\/10\/no-pic.png 396w, https:\/\/rqsto.fr\/wp-content\/uploads\/2025\/10\/no-pic-300x208.png 300w\" sizes=\"auto, (max-width: 396px) 100vw, 396px\" \/><\/figure>\n            <h2 class=\"wp-block-post-title\"><a href=\"https:\/\/rqsto.fr\/index.php\/lrdq_activity\/produit-zero-dechet\/\" target=\"_self\" >Produit z\u00e9ro d\u00e9chet<\/a><\/h2>\n            <div class=\"entry-content wp-block-post-content is-layout-flow wp-block-post-content-is-layout-flow\">\n<p>Les ateliers, ont pour but de produire des produits m&eacute;nager 100% &eacute;cologique.<\/p>\n\n\n<p>&nbsp;<\/p>\n<\/div>\n        <\/div>\n        \n        <\/li><li class=\"wp-block-post post-93 lrdq_activity type-lrdq_activity status-publish has-post-thumbnail hentry\">\n        \n        <div class=\"wp-block-group is-layout-flow wp-block-group-is-layout-flow\" style=\"padding-top:30px;padding-right:30px;padding-bottom:30px;padding-left:30px\">\n            <figure style=\"aspect-ratio:16\/9;\" class=\"wp-block-post-featured-image\"><img loading=\"lazy\" decoding=\"async\" width=\"1000\" height=\"750\" src=\"https:\/\/rqsto.fr\/wp-content\/uploads\/2025\/10\/activite-nappe.jpg\" class=\"attachment-post-thumbnail size-post-thumbnail wp-post-image\" alt=\"\" style=\"width:100%;height:100%;object-fit:cover;\" srcset=\"https:\/\/rqsto.fr\/wp-content\/uploads\/2025\/10\/activite-nappe.jpg 1000w, https:\/\/rqsto.fr\/wp-content\/uploads\/2025\/10\/activite-nappe-300x225.jpg 300w, https:\/\/rqsto.fr\/wp-content\/uploads\/2025\/10\/activite-nappe-768x576.jpg 768w\" sizes=\"auto, (max-width: 1000px) 100vw, 1000px\" \/><\/figure>\n            <h2 class=\"wp-block-post-title\"><a href=\"https:\/\/rqsto.fr\/index.php\/lrdq_activity\/la-nappe\/\" target=\"_self\" >La nappe<\/a><\/h2>\n            <div class=\"entry-content wp-block-post-content is-layout-flow wp-block-post-content-is-layout-flow\">\n<p>Cette action vise &agrave; promouvoir une alimentation saine et durable en sensibilisant les habitants aux alternatives alimentaires, en transmettant des savoir-faire culinaires et en favorisant le lien social autour de moments conviviaux.<\/p>\n\n\n<p>&nbsp;<\/p>\n<\/div>\n        <\/div>\n        \n        <\/li><li class=\"wp-block-post post-92 lrdq_activity type-lrdq_activity status-publish has-post-thumbnail hentry\">\n        \n        <div class=\"wp-block-group is-layout-flow wp-block-group-is-layout-flow\" style=\"padding-top:30px;padding-right:30px;padding-bottom:30px;padding-left:30px\">\n            <figure style=\"aspect-ratio:16\/9;\" class=\"wp-block-post-featured-image\"><img loading=\"lazy\" decoding=\"async\" width=\"396\" height=\"274\" src=\"https:\/\/rqsto.fr\/wp-content\/uploads\/2025\/10\/no-pic.png\" class=\"attachment-post-thumbnail size-post-thumbnail wp-post-image\" alt=\"\" style=\"width:100%;height:100%;object-fit:cover;\" srcset=\"https:\/\/rqsto.fr\/wp-content\/uploads\/2025\/10\/no-pic.png 396w, https:\/\/rqsto.fr\/wp-content\/uploads\/2025\/10\/no-pic-300x208.png 300w\" sizes=\"auto, (max-width: 396px) 100vw, 396px\" \/><\/figure>\n            <h2 class=\"wp-block-post-title\"><a href=\"https:\/\/rqsto.fr\/index.php\/lrdq_activity\/jardin-partage\/\" target=\"_self\" >Jardin partag\u00e9<\/a><\/h2>\n            <div class=\"entry-content wp-block-post-content is-layout-flow wp-block-post-content-is-layout-flow\">\n<p>Le jardin partag&eacute; vise &agrave; cr&eacute;er un espace de verdure et de lien social en milieu urbain, en impliquant les habitants dans des activit&eacute;s collectives de jardinage, de partage et d&rsquo;&eacute;ducation &agrave; l&rsquo;environnement.<\/p>\n<\/div>\n        <\/div>\n        \n        <\/li><li class=\"wp-block-post post-91 lrdq_activity type-lrdq_activity status-publish has-post-thumbnail hentry\">\n        \n        <div class=\"wp-block-group is-layout-flow wp-block-group-is-layout-flow\" style=\"padding-top:30px;padding-right:30px;padding-bottom:30px;padding-left:30px\">\n            <figure style=\"aspect-ratio:16\/9;\" class=\"wp-block-post-featured-image\"><img loading=\"lazy\" decoding=\"async\" width=\"452\" height=\"704\" src=\"https:\/\/rqsto.fr\/wp-content\/uploads\/2025\/10\/activite-intervention-en-ecole.jpg\" class=\"attachment-post-thumbnail size-post-thumbnail wp-post-image\" alt=\"\" style=\"width:100%;height:100%;object-fit:cover;\" srcset=\"https:\/\/rqsto.fr\/wp-content\/uploads\/2025\/10\/activite-intervention-en-ecole.jpg 452w, https:\/\/rqsto.fr\/wp-content\/uploads\/2025\/10\/activite-intervention-en-ecole-193x300.jpg 193w\" sizes=\"auto, (max-width: 452px) 100vw, 452px\" \/><\/figure>\n            <h2 class=\"wp-block-post-title\"><a href=\"https:\/\/rqsto.fr\/index.php\/lrdq_activity\/intervention-en-ecole\/\" target=\"_self\" >Intervention en \u00e9cole<\/a><\/h2>\n            <div class=\"entry-content wp-block-post-content is-layout-flow wp-block-post-content-is-layout-flow\">\n<p>Les interventions en &eacute;coles sont sur la r&eacute;duction des d&eacute;chets, le tri et la consommation responsable.<\/p>\n<\/div>\n        <\/div>\n        \n        <\/li><li class=\"wp-block-post post-90 lrdq_activity type-lrdq_activity status-publish has-post-thumbnail hentry\">\n        \n        <div class=\"wp-block-group is-layout-flow wp-block-group-is-layout-flow\" style=\"padding-top:30px;padding-right:30px;padding-bottom:30px;padding-left:30px\">\n            <figure style=\"aspect-ratio:16\/9;\" class=\"wp-block-post-featured-image\"><img loading=\"lazy\" decoding=\"async\" width=\"582\" height=\"436\" src=\"https:\/\/rqsto.fr\/wp-content\/uploads\/2025\/10\/activite-composteur.jpg\" class=\"attachment-post-thumbnail size-post-thumbnail wp-post-image\" alt=\"\" style=\"width:100%;height:100%;object-fit:cover;\" srcset=\"https:\/\/rqsto.fr\/wp-content\/uploads\/2025\/10\/activite-composteur.jpg 582w, https:\/\/rqsto.fr\/wp-content\/uploads\/2025\/10\/activite-composteur-300x225.jpg 300w\" sizes=\"auto, (max-width: 582px) 100vw, 582px\" \/><\/figure>\n            <h2 class=\"wp-block-post-title\"><a href=\"https:\/\/rqsto.fr\/index.php\/lrdq_activity\/composteur\/\" target=\"_self\" >Composteur<\/a><\/h2>\n            <div class=\"entry-content wp-block-post-content is-layout-flow wp-block-post-content-is-layout-flow\">\n<p>L&rsquo;&eacute;v&eacute;nement \u00ab\u00a0Tous au compost !\u00a0\u00bb a pour objectif de sensibiliser et former les habitants au compostage de proximit&eacute; afin de r&eacute;duire les d&eacute;chets organiques, encourager la participation citoyenne et renforcer le lien social autour d&rsquo;une d&eacute;marche &eacute;cologique et collective.<\/p>\n<\/div>\n        <\/div>\n        \n        <\/li><li class=\"wp-block-post post-89 lrdq_activity type-lrdq_activity status-publish has-post-thumbnail hentry\">\n        \n        <div class=\"wp-block-group is-layout-flow wp-block-group-is-layout-flow\" style=\"padding-top:30px;padding-right:30px;padding-bottom:30px;padding-left:30px\">\n            <figure style=\"aspect-ratio:16\/9;\" class=\"wp-block-post-featured-image\"><img loading=\"lazy\" decoding=\"async\" width=\"2560\" height=\"1920\" src=\"https:\/\/rqsto.fr\/wp-content\/uploads\/2025\/10\/activite-collecte-en-pied-d-immeuble-scaled.jpg\" class=\"attachment-post-thumbnail size-post-thumbnail wp-post-image\" alt=\"\" style=\"width:100%;height:100%;object-fit:cover;\" srcset=\"https:\/\/rqsto.fr\/wp-content\/uploads\/2025\/10\/activite-collecte-en-pied-d-immeuble-scaled.jpg 2560w, https:\/\/rqsto.fr\/wp-content\/uploads\/2025\/10\/activite-collecte-en-pied-d-immeuble-300x225.jpg 300w, https:\/\/rqsto.fr\/wp-content\/uploads\/2025\/10\/activite-collecte-en-pied-d-immeuble-1024x768.jpg 1024w, https:\/\/rqsto.fr\/wp-content\/uploads\/2025\/10\/activite-collecte-en-pied-d-immeuble-768x576.jpg 768w, https:\/\/rqsto.fr\/wp-content\/uploads\/2025\/10\/activite-collecte-en-pied-d-immeuble-1536x1152.jpg 1536w, https:\/\/rqsto.fr\/wp-content\/uploads\/2025\/10\/activite-collecte-en-pied-d-immeuble-2048x1536.jpg 2048w\" sizes=\"auto, (max-width: 2560px) 100vw, 2560px\" \/><\/figure>\n            <h2 class=\"wp-block-post-title\"><a href=\"https:\/\/rqsto.fr\/index.php\/lrdq_activity\/collecte-en-pied-dimmeuble\/\" target=\"_self\" >Collecte en pied d\u2019immeuble<\/a><\/h2>\n            <div class=\"entry-content wp-block-post-content is-layout-flow wp-block-post-content-is-layout-flow\">\n<p>Cette action vise &agrave; sensibiliser les habitants &agrave; la r&eacute;duction des d&eacute;chets en promouvant le tri, le r&eacute;emploi et la solidarit&eacute; &agrave; travers des partenariats locaux et des initiatives participatives de don et de r&eacute;cup&eacute;ration d&rsquo;objets.<\/p>\n<\/div>\n        <\/div>\n        \n        <\/li><li class=\"wp-block-post post-88 lrdq_activity type-lrdq_activity status-publish hentry\">\n        \n        <div class=\"wp-block-group is-layout-flow wp-block-group-is-layout-flow\" style=\"padding-top:30px;padding-right:30px;padding-bottom:30px;padding-left:30px\">\n            \n            <h2 class=\"wp-block-post-title\"><a href=\"https:\/\/rqsto.fr\/index.php\/lrdq_activity\/clayn-up-days\/\" target=\"_self\" >Clean up days<\/a><\/h2>\n            <div class=\"entry-content wp-block-post-content is-layout-flow wp-block-post-content-is-layout-flow\">\n<p>Cette action vise &agrave; sensibiliser les citoyens aux enjeux environnementaux en combinant &eacute;ducation, r&eacute;duction des d&eacute;chets, pr&eacute;servation de la biodiversit&eacute; et engagement collectif pour un changement durable et solidaire.<\/p>\n<\/div>\n        <\/div>\n        \n        <\/li><li class=\"wp-block-post post-87 lrdq_activity type-lrdq_activity status-publish has-post-thumbnail hentry\">\n        \n        <div class=\"wp-block-group is-layout-flow wp-block-group-is-layout-flow\" style=\"padding-top:30px;padding-right:30px;padding-bottom:30px;padding-left:30px\">\n            <figure style=\"aspect-ratio:16\/9;\" class=\"wp-block-post-featured-image\"><img loading=\"lazy\" decoding=\"async\" width=\"607\" height=\"405\" src=\"https:\/\/rqsto.fr\/wp-content\/uploads\/2025\/10\/activite-ballade-en-velo-taxi.jpg\" class=\"attachment-post-thumbnail size-post-thumbnail wp-post-image\" alt=\"\" style=\"width:100%;height:100%;object-fit:cover;\" srcset=\"https:\/\/rqsto.fr\/wp-content\/uploads\/2025\/10\/activite-ballade-en-velo-taxi.jpg 607w, https:\/\/rqsto.fr\/wp-content\/uploads\/2025\/10\/activite-ballade-en-velo-taxi-300x200.jpg 300w\" sizes=\"auto, (max-width: 607px) 100vw, 607px\" \/><\/figure>\n            <h2 class=\"wp-block-post-title\"><a href=\"https:\/\/rqsto.fr\/index.php\/lrdq_activity\/balade-en-velo-taxi\/\" target=\"_self\" >Balade en v\u00e9lo taxi<\/a><\/h2>\n            <div class=\"entry-content wp-block-post-content is-layout-flow wp-block-post-content-is-layout-flow\">\n<p>Cette action a pour but de favoriser l&rsquo;inclusion et le lien social des personnes &agrave; mobilit&eacute; r&eacute;duite et les habitants sans difficult&eacute; motrice en leur offrant des moments de d&eacute;couverte gr&acirc;ce &agrave; une mobilit&eacute; douce, accessible et interg&eacute;n&eacute;rationnelle.<\/p>\n<\/div>\n        <\/div>\n        \n        <\/li><li class=\"wp-block-post post-86 lrdq_activity type-lrdq_activity status-publish has-post-thumbnail hentry\">\n        \n        <div class=\"wp-block-group is-layout-flow wp-block-group-is-layout-flow\" style=\"padding-top:30px;padding-right:30px;padding-bottom:30px;padding-left:30px\">\n            <figure style=\"aspect-ratio:16\/9;\" class=\"wp-block-post-featured-image\"><img loading=\"lazy\" decoding=\"async\" width=\"396\" height=\"274\" src=\"https:\/\/rqsto.fr\/wp-content\/uploads\/2025\/10\/no-pic.png\" class=\"attachment-post-thumbnail size-post-thumbnail wp-post-image\" alt=\"\" style=\"width:100%;height:100%;object-fit:cover;\" srcset=\"https:\/\/rqsto.fr\/wp-content\/uploads\/2025\/10\/no-pic.png 396w, https:\/\/rqsto.fr\/wp-content\/uploads\/2025\/10\/no-pic-300x208.png 300w\" sizes=\"auto, (max-width: 396px) 100vw, 396px\" \/><\/figure>\n            <h2 class=\"wp-block-post-title\"><a href=\"https:\/\/rqsto.fr\/index.php\/lrdq_activity\/atelier-palette\/\" target=\"_self\" >Atelier palette<\/a><\/h2>\n            <div class=\"entry-content wp-block-post-content is-layout-flow wp-block-post-content-is-layout-flow\">\n<p>Cette action vise &agrave; recycler des palettes en mobilier de jardin tout en sensibilisant les habitants &agrave; l&rsquo;&eacute;cologie, au recyclage et &agrave; la solidarit&eacute; &agrave; travers un projet participatif et interg&eacute;n&eacute;rationnel.<\/p>\n<\/div>\n        <\/div>\n        \n        <\/li><li class=\"wp-block-post post-85 lrdq_activity type-lrdq_activity status-publish has-post-thumbnail hentry\">\n        \n        <div class=\"wp-block-group is-layout-flow wp-block-group-is-layout-flow\" style=\"padding-top:30px;padding-right:30px;padding-bottom:30px;padding-left:30px\">\n            <figure style=\"aspect-ratio:16\/9;\" class=\"wp-block-post-featured-image\"><img loading=\"lazy\" decoding=\"async\" width=\"1600\" height=\"1200\" src=\"https:\/\/rqsto.fr\/wp-content\/uploads\/2025\/10\/apero-des-benevoles-nov-23.jpg\" class=\"attachment-post-thumbnail size-post-thumbnail wp-post-image\" alt=\"\" style=\"width:100%;height:100%;object-fit:cover;\" srcset=\"https:\/\/rqsto.fr\/wp-content\/uploads\/2025\/10\/apero-des-benevoles-nov-23.jpg 1600w, https:\/\/rqsto.fr\/wp-content\/uploads\/2025\/10\/apero-des-benevoles-nov-23-300x225.jpg 300w, https:\/\/rqsto.fr\/wp-content\/uploads\/2025\/10\/apero-des-benevoles-nov-23-1024x768.jpg 1024w, https:\/\/rqsto.fr\/wp-content\/uploads\/2025\/10\/apero-des-benevoles-nov-23-768x576.jpg 768w, https:\/\/rqsto.fr\/wp-content\/uploads\/2025\/10\/apero-des-benevoles-nov-23-1536x1152.jpg 1536w\" sizes=\"auto, (max-width: 1600px) 100vw, 1600px\" \/><\/figure>\n            <h2 class=\"wp-block-post-title\"><a href=\"https:\/\/rqsto.fr\/index.php\/lrdq_activity\/apero-benevole\/\" target=\"_self\" >Ap\u00e9ro b\u00e9n\u00e9vole<\/a><\/h2>\n            <div class=\"entry-content wp-block-post-content is-layout-flow wp-block-post-content-is-layout-flow\">\n<p>Cet &eacute;v&egrave;nement permet &agrave; nos b&eacute;n&eacute;voles de cr&eacute;er du lien entre eux.<\/p>\n<\/div>\n        <\/div>\n        \n        <\/li><\/ul>\n    <\/div>\n    \n    \n    <p class=\"has-text-align-center\">Ces initiatives permettent &agrave; chacun de s&rsquo;impliquer activement tout en contribuant &agrave; un cadre de vie plus durable et plus solidaire.<\/p>\n    \n    \n    <p><\/p>\n    \n<\/div>\n","protected":false},"excerpt":{"rendered":"<p>Les R&eacute;gies de Quartier : des actrices du lien social et de la transition &eacute;cologique Les R&eacute;gies de Quartier ne se limitent pas &agrave; proposer des services (nettoyage, entretien, petits travaux, etc.). Leur objectif est d&rsquo;impliquer les habitants dans ces actions afin qu&rsquo;ils deviennent pleinement acteurs de la vie de leur quartier. Cette d&eacute;marche renforce [&hellip;]<\/p>\n","protected":false},"author":0,"featured_media":0,"parent":75,"menu_order":420,"comment_status":"closed","ping_status":"closed","template":"","meta":{"om_disable_all_campaigns":false,"_monsterinsights_skip_tracking":false,"_monsterinsights_sitenote_active":false,"_monsterinsights_sitenote_note":"","_monsterinsights_sitenote_category":0,"footnotes":""},"class_list":["post-71","page","type-page","status-publish","hentry"],"aioseo_notices":[],"_hostinger_reach_plugin_has_subscription_block":false,"_hostinger_reach_plugin_is_elementor":false,"_links":{"self":[{"href":"https:\/\/rqsto.fr\/index.php\/wp-json\/wp\/v2\/pages\/71","targetHints":{"allow":["GET"]}}],"collection":[{"href":"https:\/\/rqsto.fr\/index.php\/wp-json\/wp\/v2\/pages"}],"about":[{"href":"https:\/\/rqsto.fr\/index.php\/wp-json\/wp\/v2\/types\/page"}],"replies":[{"embeddable":true,"href":"https:\/\/rqsto.fr\/index.php\/wp-json\/wp\/v2\/comments?post=71"}],"version-history":[{"count":1,"href":"https:\/\/rqsto.fr\/index.php\/wp-json\/wp\/v2\/pages\/71\/revisions"}],"predecessor-version":[{"id":72,"href":"https:\/\/rqsto.fr\/index.php\/wp-json\/wp\/v2\/pages\/71\/revisions\/72"}],"up":[{"embeddable":true,"href":"https:\/\/rqsto.fr\/index.php\/wp-json\/wp\/v2\/pages\/75"}],"wp:attachment":[{"href":"https:\/\/rqsto.fr\/index.php\/wp-json\/wp\/v2\/media?parent=71"}],"curies":[{"name":"wp","href":"https:\/\/api.w.org\/{rel}","templated":true}]}}