{"id":67,"date":"2025-10-08T11:07:46","date_gmt":"2025-10-08T11:07:46","guid":{"rendered":"https:\/\/rqsto.fr\/?page_id=67"},"modified":"2025-10-10T12:06:56","modified_gmt":"2025-10-10T12:06:56","slug":"contact","status":"publish","type":"page","link":"https:\/\/rqsto.fr\/index.php\/contact\/","title":{"rendered":"Contact"},"content":{"rendered":"\n<div class=\"wp-block-group alignwide is-layout-flow wp-block-group-is-layout-flow\">\n<p class=\"has-text-align-center has-large-font-size\">Vous souhaitez en savoir plus sur nos prestations ? Vous \u00eates une entreprise, un bailleur, une collectivit\u00e9, un habitant ou un acteur local ?\n        <br>\n        <br>\u27a1\ufe0f Contactez-nous, rencontrons-nous, construisons ensemble.<\/p>\n\n\n\n<div style=\"height:20px\" aria-hidden=\"true\" class=\"wp-block-spacer\"><\/div>\n<\/div>\n\n\n\n<div class=\"wp-block-group is-layout-flow wp-block-group-is-layout-flow\">\n<div class=\"wp-block-columns is-layout-flex wp-container-core-columns-is-layout-28f84493 wp-block-columns-is-layout-flex\">\n<div class=\"wp-block-column is-layout-flow wp-block-column-is-layout-flow\" style=\"flex-basis:33.33%\">\n<h3 class=\"wp-block-heading\">\ud83d\udcec Coordonn\u00e9es<\/h3>\n\n\n\n<p><\/p>\n\n\n\n<p>R\u00e9gie des Quartiers de Saint-Ouen <br>46 rue Docteur Bauer<br>93400 Saint-Ouen-sur-Seine <br> <br><strong>T\u00e9l\u00e9phone<\/strong> : 01 80 89 27 00 <br><strong>Email<\/strong> : contact@rqsaintouen.fr <br> <br><strong>Horaires<\/strong> : Du lundi au vendredi <br>9h \u2013 12h30 \/ 14h \u2013 17h30<\/p>\n\n\n\n<p><\/p>\n\n\n\n<h3 class=\"wp-block-heading\">\ud83c\udf0d Acc\u00e8s<\/h3>\n\n\n\n<p><strong>M\u00e9tro<\/strong> : Ligne 13 \u2013 Mairie de Saint-Ouen\n                <br><strong>RER <\/strong>C : Saint-Ouen\n                <br><strong>Bus<\/strong> : Lignes 85, 173, 237\n                <br>Stationnement \u00e0 proximit\u00e9<\/p>\n<\/div>\n\n\n\n<div class=\"wp-block-column is-layout-flow wp-block-column-is-layout-flow\" style=\"flex-basis:66.66%\">\n<h3 class=\"wp-block-heading\" id=\"contact_form\">Nous contacter<\/h3>\n\n\n<div class=\"lrdq_contact_form\">    <form class=\"row g-3 \" method=\"POST\">        <div class=\"col-2 col-form-label\">            <label class=\"form-label\" for=\"lrdq_contact_form_subject\">Objet<\/label>        <\/div>        <div class=\"col-10\">                <input class=\"form-control \"            id=\"lrdq_contact_form_subject\" name=\"lrdq_contact_form[subject]\" type=\"text\" value=\"\" required    \/>                    <\/div>        <div class=\"col-2 col-form-label\">            <label class=\"form-label\" for=\"lrdq_contact_form_firstname\">Nom<\/label>        <\/div>        <div class=\"col-10 has-validation\">                <input class=\"form-control \"            id=\"lrdq_contact_form_firstname\" name=\"lrdq_contact_form[firstname]\" type=\"text\" value=\"\" required    \/>                    <\/div>        <div class=\"col-2 col-form-label\">            <label class=\"form-label\" for=\"lrdq_contact_form_lastname\">Pr\u00e9nom<\/label>        <\/div>        <div class=\"col-10\">                <input class=\"form-control \"            id=\"lrdq_contact_form_lastname\" name=\"lrdq_contact_form[lastname]\" type=\"text\" value=\"\" required    \/>                    <\/div>        <div class=\"col-2 col-form-label\">            <label class=\"form-label\" for=\"lrdq_contact_form_email\">Email<\/label>        <\/div>        <div class=\"col-10\">                <input class=\"form-control \"            id=\"lrdq_contact_form_email\" name=\"lrdq_contact_form[email]\" type=\"email\" value=\"\" required    \/>                    <\/div>        <div class=\"col-2 col-form-label\">            <label class=\"form-label\" for=\"lrdq_contact_form_message\">Message<\/label>        <\/div>        <div class=\"col-10\">                <textarea class=\"form-control \" rows=\"5\"              id=\"lrdq_contact_form_message\" name=\"lrdq_contact_form[message]\"    ><\/textarea>                    <\/div>        <div class=\"col-2\"><\/div>        <div class=\"col-10\">            <button type=\"submit\" class=\"btn btn-primary text-bg-primary\">                Envoyer            <\/button>        <\/div>    <\/form><\/div>\n<\/div>\n<\/div>\n<\/div>\n\n\n\n<hr class=\"wp-block-separator has-alpha-channel-opacity\" style=\"margin-top:var(--wp--preset--spacing--40);margin-bottom:var(--wp--preset--spacing--40)\"\/>\n\n\n\n<div class=\"wp-block-group has-global-padding is-layout-constrained wp-block-group-is-layout-constrained\">\n<div class=\"wp-block-columns is-layout-flex wp-container-core-columns-is-layout-28f84493 wp-block-columns-is-layout-flex\">\n<div class=\"wp-block-column is-layout-flow wp-block-column-is-layout-flow\">\n<h3 class=\"wp-block-heading\">\ud83d\udcf1 Suivez nos actualit\u00e9s<\/h3>\n\n\n\n<p>\u27a1\ufe0f <a href=\"https:\/\/www.facebook.com\/regiedesquartierssaintouen\"><mark class=\"has-inline-color has-primary-color\">Page Facebook officielle<\/mark><\/a> :\n                <br>Rejoignez notre communaut\u00e9, suivez nos chantiers, nos \u00e9v\u00e9nements, nos r\u00e9ussites !<\/p>\n<\/div>\n<\/div>\n\n\n\n<p><\/p>\n<\/div>\n","protected":false},"excerpt":{"rendered":"<p>Vous souhaitez en savoir plus sur nos prestations ? Vous \u00eates une entreprise, un bailleur, une collectivit\u00e9, un habitant ou un acteur local ? \u27a1\ufe0f Contactez-nous, rencontrons-nous, construisons ensemble. \ud83d\udcec Coordonn\u00e9es R\u00e9gie des Quartiers de Saint-Ouen 46 rue Docteur Bauer93400 Saint-Ouen-sur-Seine T\u00e9l\u00e9phone : 01 80 89 27 00 Email : contact@rqsaintouen.fr Horaires : Du lundi [&hellip;]<\/p>\n","protected":false},"author":1,"featured_media":0,"parent":0,"menu_order":1100,"comment_status":"closed","ping_status":"closed","template":"","meta":{"om_disable_all_campaigns":false,"_monsterinsights_skip_tracking":false,"_monsterinsights_sitenote_active":false,"_monsterinsights_sitenote_note":"","_monsterinsights_sitenote_category":0,"footnotes":""},"class_list":["post-67","page","type-page","status-publish","hentry"],"aioseo_notices":[],"_hostinger_reach_plugin_has_subscription_block":false,"_hostinger_reach_plugin_is_elementor":false,"_links":{"self":[{"href":"https:\/\/rqsto.fr\/index.php\/wp-json\/wp\/v2\/pages\/67","targetHints":{"allow":["GET"]}}],"collection":[{"href":"https:\/\/rqsto.fr\/index.php\/wp-json\/wp\/v2\/pages"}],"about":[{"href":"https:\/\/rqsto.fr\/index.php\/wp-json\/wp\/v2\/types\/page"}],"author":[{"embeddable":true,"href":"https:\/\/rqsto.fr\/index.php\/wp-json\/wp\/v2\/users\/1"}],"replies":[{"embeddable":true,"href":"https:\/\/rqsto.fr\/index.php\/wp-json\/wp\/v2\/comments?post=67"}],"version-history":[{"count":2,"href":"https:\/\/rqsto.fr\/index.php\/wp-json\/wp\/v2\/pages\/67\/revisions"}],"predecessor-version":[{"id":127,"href":"https:\/\/rqsto.fr\/index.php\/wp-json\/wp\/v2\/pages\/67\/revisions\/127"}],"wp:attachment":[{"href":"https:\/\/rqsto.fr\/index.php\/wp-json\/wp\/v2\/media?parent=67"}],"curies":[{"name":"wp","href":"https:\/\/api.w.org\/{rel}","templated":true}]}}