{"id":63,"date":"2025-10-08T11:07:46","date_gmt":"2025-10-08T11:07:46","guid":{"rendered":"https:\/\/rqsto.fr\/?page_id=63"},"modified":"2026-03-18T08:53:59","modified_gmt":"2026-03-18T08:53:59","slug":"accueil","status":"publish","type":"page","link":"https:\/\/rqsto.fr\/","title":{"rendered":"Accueil"},"content":{"rendered":"\n<div class=\"wp-block-group alignwide is-layout-flow wp-block-group-is-layout-flow\">\n<p class=\"has-text-align-center has-xx-large-font-size\"><\/p>\n\n\n\n<div class=\"wp-block-columns is-layout-flex wp-container-core-columns-is-layout-28f84493 wp-block-columns-is-layout-flex\">\n<div class=\"wp-block-column is-layout-flow wp-block-column-is-layout-flow\">\n<figure class=\"wp-block-image aligncenter size-large is-resized\"><img loading=\"lazy\" decoding=\"async\" width=\"683\" height=\"1024\" src=\"https:\/\/rqsto.fr\/wp-content\/uploads\/2025\/10\/acceuil-page-demarrage-683x1024.jpg\" alt=\"\" class=\"wp-image-130\" style=\"aspect-ratio:1;object-fit:cover;width:350px\" srcset=\"https:\/\/rqsto.fr\/wp-content\/uploads\/2025\/10\/acceuil-page-demarrage-683x1024.jpg 683w, https:\/\/rqsto.fr\/wp-content\/uploads\/2025\/10\/acceuil-page-demarrage-200x300.jpg 200w, https:\/\/rqsto.fr\/wp-content\/uploads\/2025\/10\/acceuil-page-demarrage-768x1152.jpg 768w, https:\/\/rqsto.fr\/wp-content\/uploads\/2025\/10\/acceuil-page-demarrage-1024x1536.jpg 1024w, https:\/\/rqsto.fr\/wp-content\/uploads\/2025\/10\/acceuil-page-demarrage-1366x2048.jpg 1366w, https:\/\/rqsto.fr\/wp-content\/uploads\/2025\/10\/acceuil-page-demarrage.jpg 1667w\" sizes=\"auto, (max-width: 683px) 100vw, 683px\" \/><\/figure>\n<\/div>\n\n\n\n<div class=\"wp-block-column is-layout-flow wp-block-column-is-layout-flow\">\n<p class=\"has-xx-large-font-size\">Bienvenue \u00e0 la R\u00e9gie des Quartiers de Saint-Ouen<\/p>\n\n\n\n<p><\/p>\n\n\n\n<p class=\"has-medium-font-size\">Actrice de l\u2019\u00e9conomie sociale et solidaire, la R\u00e9gie des Quartiers de Saint-Ouen \u0153uvre chaque jour pour am\u00e9liorer le cadre de vie des habitants tout en accompagnant des personnes vers l\u2019emploi durable.\n                <br>\n                <br>\n                <br>\n                <br>\n            <\/p>\n<\/div>\n<\/div>\n\n\n\n<hr class=\"wp-block-separator aligncenter has-alpha-channel-opacity\" style=\"margin-top:var(--wp--preset--spacing--40);margin-bottom:var(--wp--preset--spacing--40)\"\/>\n\n\n\n<div class=\"wp-block-group is-layout-flow wp-block-group-is-layout-flow\">\n<p class=\"has-text-align-center has-large-font-size\">Implant\u00e9e au c\u0153ur des quartiers audoniens, notre structure porte un double engagement :<\/p>\n\n\n\n<div style=\"height:10px\" aria-hidden=\"true\" class=\"wp-block-spacer\"><\/div>\n\n\n\n<div class=\"wp-block-columns lrdq_parent_bg_warning lrdq_parent_shadow_primary is-layout-flex wp-container-core-columns-is-layout-28f84493 wp-block-columns-is-layout-flex\">\n<div class=\"wp-block-column is-vertically-aligned-stretch is-layout-flow wp-block-column-is-layout-flow\" style=\"padding-right:var(--wp--preset--spacing--30);padding-left:var(--wp--preset--spacing--30)\">\n<p class=\"has-text-align-center has-large-font-size\"><strong>Offrir des services de proximit\u00e9 utiles et de qualit\u00e9<\/strong> \n                <\/p>\n<\/div>\n\n\n\n<div class=\"wp-block-column is-vertically-aligned-center is-layout-flow wp-block-column-is-layout-flow\" style=\"padding-right:var(--wp--preset--spacing--30);padding-left:var(--wp--preset--spacing--30)\">\n<p class=\"has-text-align-center has-large-font-size\"><strong>Cr\u00e9er des parcours d\u2019insertion pour les habitants en difficult\u00e9 professionnelle ou sociale<\/strong> \n                <\/p>\n<\/div>\n<\/div>\n\n\n\n<div style=\"height:10px\" aria-hidden=\"true\" class=\"wp-block-spacer\"><\/div>\n\n\n\n<p class=\"has-text-align-center has-large-font-size\">\ud83e\uddf9 Nettoyage, entretien des espaces verts, petit bricolage, logistique ou chantiers citoyens : nos \u00e9quipes interviennent avec rigueur, bienveillance et engagement.\n            <br>\n        <\/p>\n<\/div>\n\n\n\n<hr class=\"wp-block-separator aligncenter has-alpha-channel-opacity\" style=\"margin-top:var(--wp--preset--spacing--40);margin-bottom:var(--wp--preset--spacing--40)\"\/>\n\n\n\n<div class=\"wp-block-group is-content-justification-center is-nowrap is-layout-flex wp-container-core-group-is-layout-ff976b70 wp-block-group-is-layout-flex\">\n<p class=\"lrdq_quote lrdq_quote-primary has-xx-large-font-size\"><em>Par les habitants, pour les habitants&nbsp;<\/em> \n        <\/p>\n<\/div>\n\n\n\n<p class=\"has-text-align-center has-large-font-size\">Telle est notre devise. <br> <br>La R\u00e9gie, c\u2019est une structure \u00e0 taille humaine, un levier d\u2019insertion, <br>et un acteur cl\u00e9 du lien social sur le territoire.<\/p>\n\n\n\n<hr class=\"wp-block-separator aligncenter has-alpha-channel-opacity\" style=\"margin-top:var(--wp--preset--spacing--40);margin-bottom:var(--wp--preset--spacing--40)\"\/>\n\n\n\n<figure class=\"wp-block-gallery has-nested-images columns-default lrdq_logos wp-block-gallery-1 is-layout-flex wp-block-gallery-is-layout-flex\">\n<figure class=\"wp-block-image size-large\"><img loading=\"lazy\" decoding=\"async\" width=\"375\" height=\"141\" data-id=\"26\" src=\"https:\/\/rqsto.fr\/wp-content\/uploads\/2025\/10\/logo-code.png\" alt=\"\" class=\"wp-image-26\" srcset=\"https:\/\/rqsto.fr\/wp-content\/uploads\/2025\/10\/logo-code.png 375w, https:\/\/rqsto.fr\/wp-content\/uploads\/2025\/10\/logo-code-300x113.png 300w\" sizes=\"auto, (max-width: 375px) 100vw, 375px\" \/><\/figure>\n\n\n\n<figure class=\"wp-block-image size-large\"><img loading=\"lazy\" decoding=\"async\" width=\"256\" height=\"128\" data-id=\"37\" src=\"https:\/\/rqsto.fr\/wp-content\/uploads\/2025\/10\/logo-plie.jpg\" alt=\"\" class=\"wp-image-37\"\/><\/figure>\n\n\n\n<figure class=\"wp-block-image size-large\"><img loading=\"lazy\" decoding=\"async\" width=\"342\" height=\"74\" data-id=\"28\" src=\"https:\/\/rqsto.fr\/wp-content\/uploads\/2025\/10\/logo-finance-par-union-europeenne.png\" alt=\"\" class=\"wp-image-28\" srcset=\"https:\/\/rqsto.fr\/wp-content\/uploads\/2025\/10\/logo-finance-par-union-europeenne.png 342w, https:\/\/rqsto.fr\/wp-content\/uploads\/2025\/10\/logo-finance-par-union-europeenne-300x65.png 300w\" sizes=\"auto, (max-width: 342px) 100vw, 342px\" \/><\/figure>\n\n\n\n<figure class=\"wp-block-image size-large\"><img loading=\"lazy\" decoding=\"async\" width=\"225\" height=\"112\" data-id=\"36\" src=\"https:\/\/rqsto.fr\/wp-content\/uploads\/2025\/10\/logo-plaine-commune.png\" alt=\"\" class=\"wp-image-36\"\/><\/figure>\n\n\n\n<figure class=\"wp-block-image size-large\"><img loading=\"lazy\" decoding=\"async\" width=\"443\" height=\"114\" data-id=\"27\" src=\"https:\/\/rqsto.fr\/wp-content\/uploads\/2025\/10\/logo-fape-edf.png\" alt=\"\" class=\"wp-image-27\" srcset=\"https:\/\/rqsto.fr\/wp-content\/uploads\/2025\/10\/logo-fape-edf.png 443w, https:\/\/rqsto.fr\/wp-content\/uploads\/2025\/10\/logo-fape-edf-300x77.png 300w\" sizes=\"auto, (max-width: 443px) 100vw, 443px\" \/><\/figure>\n\n\n\n<figure class=\"wp-block-image size-large\"><img loading=\"lazy\" decoding=\"async\" width=\"585\" height=\"365\" data-id=\"30\" src=\"https:\/\/rqsto.fr\/wp-content\/uploads\/2025\/10\/logo-france-travail.jpg\" alt=\"\" class=\"wp-image-30\" srcset=\"https:\/\/rqsto.fr\/wp-content\/uploads\/2025\/10\/logo-france-travail.jpg 585w, https:\/\/rqsto.fr\/wp-content\/uploads\/2025\/10\/logo-france-travail-300x187.jpg 300w\" sizes=\"auto, (max-width: 585px) 100vw, 585px\" \/><\/figure>\n\n\n\n<figure class=\"wp-block-image size-large\"><img loading=\"lazy\" decoding=\"async\" width=\"586\" height=\"520\" data-id=\"23\" src=\"https:\/\/rqsto.fr\/wp-content\/uploads\/2025\/10\/logo-agir-seine-saint-denis.jpg\" alt=\"\" class=\"wp-image-23\" srcset=\"https:\/\/rqsto.fr\/wp-content\/uploads\/2025\/10\/logo-agir-seine-saint-denis.jpg 586w, https:\/\/rqsto.fr\/wp-content\/uploads\/2025\/10\/logo-agir-seine-saint-denis-300x266.jpg 300w\" sizes=\"auto, (max-width: 586px) 100vw, 586px\" \/><\/figure>\n\n\n\n<figure class=\"wp-block-image size-large\"><img loading=\"lazy\" decoding=\"async\" width=\"225\" height=\"225\" data-id=\"39\" src=\"https:\/\/rqsto.fr\/wp-content\/uploads\/2025\/10\/logo-ville-de-saint-ouen.jpg\" alt=\"\" class=\"wp-image-39\" srcset=\"https:\/\/rqsto.fr\/wp-content\/uploads\/2025\/10\/logo-ville-de-saint-ouen.jpg 225w, https:\/\/rqsto.fr\/wp-content\/uploads\/2025\/10\/logo-ville-de-saint-ouen-150x150.jpg 150w\" sizes=\"auto, (max-width: 225px) 100vw, 225px\" \/><\/figure>\n\n\n\n<figure class=\"wp-block-image size-large\"><img loading=\"lazy\" decoding=\"async\" width=\"755\" height=\"460\" data-id=\"174\" src=\"https:\/\/rqsto.fr\/wp-content\/uploads\/2026\/02\/Logobpe.png\" alt=\"\" class=\"wp-image-174\" srcset=\"https:\/\/rqsto.fr\/wp-content\/uploads\/2026\/02\/Logobpe.png 755w, https:\/\/rqsto.fr\/wp-content\/uploads\/2026\/02\/Logobpe-300x183.png 300w\" sizes=\"auto, (max-width: 755px) 100vw, 755px\" \/><\/figure>\n\n\n\n<figure class=\"wp-block-image size-large\"><img loading=\"lazy\" decoding=\"async\" width=\"1024\" height=\"322\" data-id=\"24\" src=\"https:\/\/rqsto.fr\/wp-content\/uploads\/2025\/10\/logo-anct-pol-ville-1024x322.jpg\" alt=\"\" class=\"wp-image-24\" srcset=\"https:\/\/rqsto.fr\/wp-content\/uploads\/2025\/10\/logo-anct-pol-ville-1024x322.jpg 1024w, https:\/\/rqsto.fr\/wp-content\/uploads\/2025\/10\/logo-anct-pol-ville-300x94.jpg 300w, https:\/\/rqsto.fr\/wp-content\/uploads\/2025\/10\/logo-anct-pol-ville-768x242.jpg 768w, https:\/\/rqsto.fr\/wp-content\/uploads\/2025\/10\/logo-anct-pol-ville-1536x484.jpg 1536w, https:\/\/rqsto.fr\/wp-content\/uploads\/2025\/10\/logo-anct-pol-ville-2048x645.jpg 2048w\" sizes=\"auto, (max-width: 1024px) 100vw, 1024px\" \/><\/figure>\n<\/figure>\n\n\n\n<hr class=\"wp-block-separator aligncenter has-alpha-channel-opacity\" style=\"margin-top:var(--wp--preset--spacing--40);margin-bottom:var(--wp--preset--spacing--40)\"\/>\n\n\n\n<p class=\"has-text-align-center has-xx-large-font-size\">D\u00e9couvrez<\/p>\n\n\n\n<div class=\"wp-block-columns is-layout-flex wp-container-core-columns-is-layout-28f84493 wp-block-columns-is-layout-flex\">\n<div class=\"wp-block-column is-layout-flow wp-block-column-is-layout-flow\" style=\"flex-basis:25%\">\n<p class=\"has-text-align-center has-contrast-color has-text-color has-link-color has-medium-font-size wp-elements-afde23ce781b379b8ca4d5c97004180a\"><strong><a href=\"http:\/\/localhost:9001\/index.php\/services\/\" data-type=\"page\" data-id=\"59\">Nos prestations<\/a><\/strong> \u00e0 destination des bailleurs, entreprises et collectivit\u00e9s<\/p>\n<\/div>\n\n\n\n<div class=\"wp-block-column is-layout-flow wp-block-column-is-layout-flow\" style=\"flex-basis:25%\">\n<p class=\"has-text-align-center has-contrast-color has-text-color has-link-color has-medium-font-size wp-elements-69b6eeeba57f92a5054b6d4e762b3d26\">Notre <strong><a href=\"http:\/\/localhost:9001\/index.php\/notre-equipe\/\" data-type=\"page\" data-id=\"54\">\u00e9quipe d\u2019encadrants<\/a><\/strong> \n                <a href=\"http:\/\/localhost:9001\/index.php\/lequipe-permanente\/\" data-type=\"page\" data-id=\"27\"><\/a>et de <strong><a href=\"http:\/\/localhost:9001\/index.php\/notre-equipe\/#salarie_en_insertion\" data-type=\"page\" data-id=\"54\">salari\u00e9s en insertion<\/a><\/strong> \n            <\/p>\n<\/div>\n\n\n\n<div class=\"wp-block-column is-layout-flow wp-block-column-is-layout-flow\" style=\"flex-basis:25%\">\n<p class=\"has-text-align-center has-contrast-color has-text-color has-link-color has-medium-font-size wp-elements-cef581a7a31824ec310d56a8ae11edc3\">Notre <strong><a href=\"https:\/\/rqsto.fr\/index.php\/notre-engagement-solidaire\/accompagnement-socio-professionnel_2\/\" data-type=\"page\" data-id=\"36\">accompagnement personnalis\u00e9<\/a><\/strong> vers l\u2019emploi<\/p>\n<\/div>\n\n\n\n<div class=\"wp-block-column is-layout-flow wp-block-column-is-layout-flow\" style=\"flex-basis:25%\">\n<p class=\"has-text-align-center has-contrast-color has-text-color has-link-color has-medium-font-size wp-elements-0000a232eb5a3b42bb5fc4e2eb62d92f\">Nos <a href=\"http:\/\/localhost:9001\/index.php\/le-lien-social\/\" data-type=\"page\" data-id=\"48\"><strong>actions locales<\/strong><\/a> et <a href=\"http:\/\/localhost:9001\/index.php\/references-nos-clients\/\" data-type=\"page\" data-id=\"56\"><strong>partenariats<\/strong><\/a> \n            <\/p>\n<\/div>\n<\/div>\n\n\n\n<hr class=\"wp-block-separator aligncenter has-alpha-channel-opacity\" style=\"margin-top:var(--wp--preset--spacing--40);margin-bottom:var(--wp--preset--spacing--40)\"\/>\n\n\n\n<p class=\"has-text-align-center has-contrast-color has-text-color has-link-color has-medium-font-size wp-elements-3dcff809243632ef420b6f0330c9b4e6\">Bas\u00e9e \u00e0 Saint-Ouen, nous faisons partie du <a href=\"https:\/\/www.lemouvementdesregies.org\/\">Mouvement des R\u00e9gies<\/a>, un r\u00e9seau national qui rassemble des structures engag\u00e9es dans la transformation sociale des quartiers populaires.<\/p>\n<\/div>\n\n\n\n<p><\/p>\n","protected":false},"excerpt":{"rendered":"<p>Bienvenue \u00e0 la R\u00e9gie des Quartiers de Saint-Ouen Actrice de l\u2019\u00e9conomie sociale et solidaire, la R\u00e9gie des Quartiers de Saint-Ouen \u0153uvre chaque jour pour am\u00e9liorer le cadre de vie des habitants tout en accompagnant des personnes vers l\u2019emploi durable. Implant\u00e9e au c\u0153ur des quartiers audoniens, notre structure porte un double engagement : Offrir des services [&hellip;]<\/p>\n","protected":false},"author":1,"featured_media":0,"parent":0,"menu_order":100,"comment_status":"closed","ping_status":"closed","template":"page-no-title","meta":{"om_disable_all_campaigns":false,"_monsterinsights_skip_tracking":false,"_monsterinsights_sitenote_active":false,"_monsterinsights_sitenote_note":"","_monsterinsights_sitenote_category":0,"footnotes":""},"class_list":["post-63","page","type-page","status-publish","hentry"],"aioseo_notices":[],"_hostinger_reach_plugin_has_subscription_block":false,"_hostinger_reach_plugin_is_elementor":false,"_links":{"self":[{"href":"https:\/\/rqsto.fr\/index.php\/wp-json\/wp\/v2\/pages\/63","targetHints":{"allow":["GET"]}}],"collection":[{"href":"https:\/\/rqsto.fr\/index.php\/wp-json\/wp\/v2\/pages"}],"about":[{"href":"https:\/\/rqsto.fr\/index.php\/wp-json\/wp\/v2\/types\/page"}],"author":[{"embeddable":true,"href":"https:\/\/rqsto.fr\/index.php\/wp-json\/wp\/v2\/users\/1"}],"replies":[{"embeddable":true,"href":"https:\/\/rqsto.fr\/index.php\/wp-json\/wp\/v2\/comments?post=63"}],"version-history":[{"count":7,"href":"https:\/\/rqsto.fr\/index.php\/wp-json\/wp\/v2\/pages\/63\/revisions"}],"predecessor-version":[{"id":175,"href":"https:\/\/rqsto.fr\/index.php\/wp-json\/wp\/v2\/pages\/63\/revisions\/175"}],"wp:attachment":[{"href":"https:\/\/rqsto.fr\/index.php\/wp-json\/wp\/v2\/media?parent=63"}],"curies":[{"name":"wp","href":"https:\/\/api.w.org\/{rel}","templated":true}]}}