{"id":61,"date":"2025-10-08T11:07:46","date_gmt":"2025-10-08T11:07:46","guid":{"rendered":"https:\/\/rqsto.fr\/?page_id=61"},"modified":"2025-10-10T12:30:10","modified_gmt":"2025-10-10T12:30:10","slug":"accompagnement-socio-professionnel_2","status":"publish","type":"page","link":"https:\/\/rqsto.fr\/index.php\/notre-engagement-solidaire\/accompagnement-socio-professionnel_2\/","title":{"rendered":"Accompagnement socio-professionnel"},"content":{"rendered":"\n<div class=\"wp-block-group alignwide is-layout-flow wp-block-group-is-layout-flow\">\n<p class=\"has-text-align-center has-large-font-size\">\u00c0 la R\u00e9gie des Quartiers de Saint-Ouen, l\u2019accompagnement ne se r\u00e9sume pas \u00e0 un suivi administratif ou \u00e0 des bilans formels. Nous mettons un point d\u2019honneur \u00e0 placer le salari\u00e9 au centre de son propre parcours, dans une logique d\u2019\u00e9coute, de respect et d\u2019engagement mutuel.<\/p>\n\n\n\n<hr class=\"wp-block-separator aligncenter has-alpha-channel-opacity\" style=\"margin-top:var(--wp--preset--spacing--30);margin-bottom:var(--wp--preset--spacing--30)\"\/>\n\n\n\n<h2 class=\"wp-block-heading has-text-align-center\">Une approche humaine et participative<\/h2>\n\n\n\n<p class=\"has-text-align-center has-large-font-size\">D\u00e8s son entr\u00e9e en poste, chaque salari\u00e9 en insertion b\u00e9n\u00e9ficie d\u2019un accompagnement individualis\u00e9, bas\u00e9 sur le dialogue et la co-construction. Nos entretiens sont men\u00e9s dans des espaces chaleureux et confidentiels, con\u00e7us pour favoriser un climat de confiance. Nous croyons profond\u00e9ment que les d\u00e9cisions qui engagent une personne doivent \u00eatre prises avec elle, et non pour elle.\n        <br>\n        <br>Pas de bureau entre nous : nous parlons d\u2019\u00e9gal \u00e0 \u00e9gal, dans des salles cosy am\u00e9nag\u00e9es pour des \u00e9changes sinc\u00e8res et horizontaux.<\/p>\n\n\n\n<figure class=\"wp-block-image aligncenter size-large is-resized\"><img loading=\"lazy\" decoding=\"async\" width=\"1024\" height=\"683\" src=\"https:\/\/rqsto.fr\/wp-content\/uploads\/2025\/10\/Entretine-insertion-PLIE-1-1024x683.jpg\" alt=\"\" class=\"wp-image-145\" style=\"aspect-ratio:1;object-fit:cover;width:400px\" srcset=\"https:\/\/rqsto.fr\/wp-content\/uploads\/2025\/10\/Entretine-insertion-PLIE-1-1024x683.jpg 1024w, https:\/\/rqsto.fr\/wp-content\/uploads\/2025\/10\/Entretine-insertion-PLIE-1-300x200.jpg 300w, https:\/\/rqsto.fr\/wp-content\/uploads\/2025\/10\/Entretine-insertion-PLIE-1-768x512.jpg 768w, https:\/\/rqsto.fr\/wp-content\/uploads\/2025\/10\/Entretine-insertion-PLIE-1-1536x1024.jpg 1536w, https:\/\/rqsto.fr\/wp-content\/uploads\/2025\/10\/Entretine-insertion-PLIE-1-2048x1366.jpg 2048w\" sizes=\"auto, (max-width: 1024px) 100vw, 1024px\" \/><\/figure>\n\n\n\n<hr class=\"wp-block-separator aligncenter has-alpha-channel-opacity\" style=\"margin-top:var(--wp--preset--spacing--30);margin-bottom:var(--wp--preset--spacing--30)\"\/>\n\n\n\n<h2 class=\"wp-block-heading has-text-align-center\">Un parcours personnalis\u00e9<\/h2>\n\n\n\n<p class=\"has-text-align-center has-large-font-size\">Notre accompagnement s\u2019appuie sur :<\/p>\n\n\n\n<div class=\"wp-block-columns has-large-font-size is-layout-flex wp-container-core-columns-is-layout-28f84493 wp-block-columns-is-layout-flex\">\n<div class=\"wp-block-column is-layout-flow wp-block-column-is-layout-flow\">\n<div class=\"wp-block-group is-vertical is-content-justification-center is-layout-flex wp-container-core-group-is-layout-f9a93ed8 wp-block-group-is-layout-flex\">\n<div class=\"wp-block-outermost-icon-block\"><div class=\"icon-container has-icon-color has-primary-color\" style=\"color:#35b1e3;width:48px;transform:rotate(0deg) scaleX(1) scaleY(1)\"><svg xmlns=\"http:\/\/www.w3.org\/2000\/svg\" width=\"16\" height=\"16\" fill=\"currentColor\" class=\"bi bi-1-circle-fill\" viewBox=\"0 0 16 16\"><path d=\"M16 8A8 8 0 1 1 0 8a8 8 0 0 1 16 0M9.283 4.002H7.971L6.072 5.385v1.271l1.834-1.318h.065V12h1.312z\"><\/path><\/svg><\/div><\/div>\n\n\n\n<p class=\"has-text-align-center\">Un diagnostic initial partag\u00e9, pour comprendre les besoins, les freins et les aspirations du salari\u00e9<\/p>\n<\/div>\n<\/div>\n\n\n\n<div class=\"wp-block-column is-layout-flow wp-block-column-is-layout-flow\">\n<div class=\"wp-block-group is-vertical is-content-justification-center is-layout-flex wp-container-core-group-is-layout-ce155fab wp-block-group-is-layout-flex\">\n<div class=\"wp-block-outermost-icon-block\"><div class=\"icon-container has-icon-color has-primary-color\" style=\"color:#35b1e3;width:48px;transform:rotate(0deg) scaleX(1) scaleY(1)\"><svg xmlns=\"http:\/\/www.w3.org\/2000\/svg\" width=\"16\" height=\"16\" fill=\"currentColor\" class=\"bi bi-2-circle-fill\" viewBox=\"0 0 16 16\"><path d=\"M16 8A8 8 0 1 1 0 8a8 8 0 0 1 16 0M6.646 6.24c0-.691.493-1.306 1.336-1.306.756 0 1.313.492 1.313 1.236 0 .697-.469 1.23-.902 1.705l-2.971 3.293V12h5.344v-1.107H7.268v-.077l1.974-2.22.096-.107c.688-.763 1.287-1.428 1.287-2.43 0-1.266-1.031-2.215-2.613-2.215-1.758 0-2.637 1.19-2.637 2.402v.065h1.271v-.07Z\"><\/path><\/svg><\/div><\/div>\n\n\n\n<p class=\"has-text-align-center\">Un diagnostic initial partag\u00e9, pour comprendre les besoins, les freins et les aspirations du salari\u00e9<\/p>\n<\/div>\n<\/div>\n<\/div>\n\n\n\n<div class=\"wp-block-columns has-large-font-size is-layout-flex wp-container-core-columns-is-layout-28f84493 wp-block-columns-is-layout-flex\">\n<div class=\"wp-block-column is-layout-flow wp-block-column-is-layout-flow\">\n<div class=\"wp-block-group is-vertical is-content-justification-center is-layout-flex wp-container-core-group-is-layout-ce155fab wp-block-group-is-layout-flex\">\n<div class=\"wp-block-outermost-icon-block\"><div class=\"icon-container has-icon-color has-primary-color\" style=\"color:#35b1e3;width:48px;transform:rotate(0deg) scaleX(1) scaleY(1)\"><svg xmlns=\"http:\/\/www.w3.org\/2000\/svg\" width=\"16\" height=\"16\" fill=\"currentColor\" class=\"bi bi-3-circle-fill\" viewBox=\"0 0 16 16\"><path d=\"M16 8A8 8 0 1 1 0 8a8 8 0 0 1 16 0m-8.082.414c.92 0 1.535.54 1.541 1.318.012.791-.615 1.36-1.588 1.354-.861-.006-1.482-.469-1.54-1.066H5.104c.047 1.177 1.05 2.144 2.754 2.144 1.653 0 2.954-.937 2.93-2.396-.023-1.278-1.031-1.846-1.734-1.916v-.07c.597-.1 1.505-.739 1.482-1.876-.03-1.177-1.043-2.074-2.637-2.062-1.675.006-2.59.984-2.625 2.12h1.248c.036-.556.557-1.054 1.348-1.054.785 0 1.348.486 1.348 1.195.006.715-.563 1.237-1.342 1.237h-.838v1.072h.879Z\"><\/path><\/svg><\/div><\/div>\n\n\n\n<p class=\"has-text-align-center\">Un suivi r\u00e9gulier avec des points d\u2019\u00e9tape pour ajuster le parcours<\/p>\n<\/div>\n<\/div>\n\n\n\n<div class=\"wp-block-column is-layout-flow wp-block-column-is-layout-flow\">\n<div class=\"wp-block-group is-vertical is-content-justification-center is-layout-flex wp-container-core-group-is-layout-ce155fab wp-block-group-is-layout-flex\">\n<div class=\"wp-block-outermost-icon-block items-justified-left\"><div class=\"icon-container has-icon-color has-primary-color\" style=\"color:#35b1e3;width:48px;transform:rotate(0deg) scaleX(1) scaleY(1)\"><svg xmlns=\"http:\/\/www.w3.org\/2000\/svg\" width=\"16\" height=\"16\" fill=\"currentColor\" class=\"bi bi-4-circle-fill\" viewBox=\"0 0 16 16\"><path d=\"M16 8A8 8 0 1 1 0 8a8 8 0 0 1 16 0M7.519 5.057c-.886 1.418-1.772 2.838-2.542 4.265v1.12H8.85V12h1.26v-1.559h1.007V9.334H10.11V4.002H8.176zM6.225 9.281v.053H8.85V5.063h-.065c-.867 1.33-1.787 2.806-2.56 4.218\"><\/path><\/svg><\/div><\/div>\n\n\n\n<p class=\"has-text-align-center\">Des actions concr\u00e8tes : formations, immersions, ateliers collectifs, accompagnement aux d\u00e9marches administratives et sociales<\/p>\n<\/div>\n<\/div>\n<\/div>\n\n\n\n<p class=\"has-text-align-center has-large-font-size\">\n        <br>Chaque salari\u00e9 est acteur de son parcours, avec des outils concrets et un soutien constant pour l\u2019aider \u00e0 construire son avenir.<\/p>\n\n\n\n<hr class=\"wp-block-separator aligncenter has-alpha-channel-opacity\" style=\"margin-top:var(--wp--preset--spacing--30);margin-bottom:var(--wp--preset--spacing--30)\"\/>\n\n\n\n<h2 class=\"wp-block-heading has-text-align-center\">Objectif : l&rsquo;autonomie et l&rsquo;apr\u00e8s-R\u00e9gie<\/h2>\n\n\n\n<p class=\"has-text-align-center has-large-font-size\">Notre mission ne s\u2019arr\u00eate pas \u00e0 l\u2019emploi temporaire.\n        <br>Nous pr\u00e9parons activement \u201cl\u2019apr\u00e8s\u201d, avec des objectifs clairs :<\/p>\n\n\n\n<div class=\"wp-block-columns has-large-font-size is-layout-flex wp-container-core-columns-is-layout-28f84493 wp-block-columns-is-layout-flex\">\n<div class=\"wp-block-column is-vertically-aligned-top is-layout-flow wp-block-column-is-layout-flow\">\n<div class=\"wp-block-group is-vertical is-content-justification-center is-layout-flex wp-container-core-group-is-layout-ce155fab wp-block-group-is-layout-flex\">\n<div class=\"wp-block-outermost-icon-block\"><div class=\"icon-container has-icon-color has-primary-color\" style=\"color:#35b1e3;width:48px;transform:rotate(0deg) scaleX(1) scaleY(1)\"><svg xmlns=\"http:\/\/www.w3.org\/2000\/svg\" width=\"16\" height=\"16\" fill=\"currentColor\" class=\"bi bi-check-circle-fill\" viewBox=\"0 0 16 16\"><path d=\"M16 8A8 8 0 1 1 0 8a8 8 0 0 1 16 0m-3.97-3.03a.75.75 0 0 0-1.08.022L7.477 9.417 5.384 7.323a.75.75 0 0 0-1.06 1.06L6.97 11.03a.75.75 0 0 0 1.079-.02l3.992-4.99a.75.75 0 0 0-.01-1.05z\"><\/path><\/svg><\/div><\/div>\n\n\n\n<p class=\"has-text-align-center has-large-font-size\">Acc\u00e8s \u00e0 un emploi durable<\/p>\n<\/div>\n<\/div>\n\n\n\n<div class=\"wp-block-column is-vertically-aligned-top is-layout-flow wp-block-column-is-layout-flow\">\n<div class=\"wp-block-group is-vertical is-content-justification-center is-layout-flex wp-container-core-group-is-layout-ce155fab wp-block-group-is-layout-flex\">\n<div class=\"wp-block-outermost-icon-block\"><div class=\"icon-container has-icon-color has-primary-color\" style=\"color:#35b1e3;width:48px;transform:rotate(0deg) scaleX(1) scaleY(1)\"><svg xmlns=\"http:\/\/www.w3.org\/2000\/svg\" width=\"16\" height=\"16\" fill=\"currentColor\" class=\"bi bi-check-circle-fill\" viewBox=\"0 0 16 16\"><path d=\"M16 8A8 8 0 1 1 0 8a8 8 0 0 1 16 0m-3.97-3.03a.75.75 0 0 0-1.08.022L7.477 9.417 5.384 7.323a.75.75 0 0 0-1.06 1.06L6.97 11.03a.75.75 0 0 0 1.079-.02l3.992-4.99a.75.75 0 0 0-.01-1.05z\"><\/path><\/svg><\/div><\/div>\n\n\n\n<p class=\"has-text-align-center has-large-font-size\">Entr\u00e9e en formation qualifiante<\/p>\n<\/div>\n<\/div>\n\n\n\n<div class=\"wp-block-column is-vertically-aligned-top is-layout-flow wp-block-column-is-layout-flow\">\n<div class=\"wp-block-group is-vertical is-content-justification-center is-layout-flex wp-container-core-group-is-layout-ce155fab wp-block-group-is-layout-flex\">\n<div class=\"wp-block-outermost-icon-block\"><div class=\"icon-container has-icon-color has-primary-color\" style=\"color:#35b1e3;width:48px;transform:rotate(0deg) scaleX(1) scaleY(1)\"><svg xmlns=\"http:\/\/www.w3.org\/2000\/svg\" width=\"16\" height=\"16\" fill=\"currentColor\" class=\"bi bi-check-circle-fill\" viewBox=\"0 0 16 16\"><path d=\"M16 8A8 8 0 1 1 0 8a8 8 0 0 1 16 0m-3.97-3.03a.75.75 0 0 0-1.08.022L7.477 9.417 5.384 7.323a.75.75 0 0 0-1.06 1.06L6.97 11.03a.75.75 0 0 0 1.079-.02l3.992-4.99a.75.75 0 0 0-.01-1.05z\"><\/path><\/svg><\/div><\/div>\n\n\n\n<p class=\"has-text-align-center has-large-font-size\">Int\u00e9gration dans une entreprise classique ou dans un autre dispositif d\u2019insertion<\/p>\n<\/div>\n<\/div>\n<\/div>\n\n\n\n<p class=\"has-text-align-center has-large-font-size\">Chaque ann\u00e9e, plusieurs dizaines de personnes reprennent le chemin de l\u2019emploi ou de la formation gr\u00e2ce \u00e0 cet accompagnement personnalis\u00e9.<\/p>\n\n\n\n<hr class=\"wp-block-separator aligncenter has-alpha-channel-opacity\" style=\"margin-top:var(--wp--preset--spacing--30);margin-bottom:var(--wp--preset--spacing--30)\"\/>\n\n\n\n<h2 class=\"wp-block-heading has-text-align-center\">Frise de parcours salari\u00e9<\/h2>\n\n\n\n<div class=\"wp-block-group alignwide lrdq_timeline text-white gap-2 has-medium-font-size is-nowrap is-layout-flex wp-container-core-group-is-layout-6c531013 wp-block-group-is-layout-flex\">\n<p class=\"lrdq_timeline_item_danger\">Entr\u00e9e \u00e0 la R\u00e9gie<\/p>\n\n\n\n<p class=\"lrdq_timeline_item_danger\">Diagnostic partag\u00e9<\/p>\n\n\n\n<p class=\"lrdq_timeline_item_danger\">D\u00e9finition du projet<\/p>\n\n\n\n<p class=\"lrdq_timeline_item_danger\">Activit\u00e9 professionnelle en insertion<\/p>\n\n\n\n<p class=\"lrdq_timeline_item_danger\">Accompagnement personnalis\u00e9 (entretiens, ateliers, formations)<\/p>\n\n\n\n<p class=\"lrdq_timeline_item_danger\">Pr\u00e9paration \u00e0 la sortie<\/p>\n\n\n\n<p class=\"lrdq_timeline_item_danger\">Sortie vers emploi durable ou formation\n            <br>\n        <\/p>\n<\/div>\n<\/div>\n","protected":false},"excerpt":{"rendered":"<p>\u00c0 la R\u00e9gie des Quartiers de Saint-Ouen, l\u2019accompagnement ne se r\u00e9sume pas \u00e0 un suivi administratif ou \u00e0 des bilans formels. Nous mettons un point d\u2019honneur \u00e0 placer le salari\u00e9 au centre de son propre parcours, dans une logique d\u2019\u00e9coute, de respect et d\u2019engagement mutuel. Une approche humaine et participative D\u00e8s son entr\u00e9e en poste, [&hellip;]<\/p>\n","protected":false},"author":1,"featured_media":0,"parent":75,"menu_order":410,"comment_status":"closed","ping_status":"closed","template":"","meta":{"om_disable_all_campaigns":false,"_monsterinsights_skip_tracking":false,"_monsterinsights_sitenote_active":false,"_monsterinsights_sitenote_note":"","_monsterinsights_sitenote_category":0,"footnotes":""},"class_list":["post-61","page","type-page","status-publish","hentry"],"aioseo_notices":[],"_hostinger_reach_plugin_has_subscription_block":false,"_hostinger_reach_plugin_is_elementor":false,"_links":{"self":[{"href":"https:\/\/rqsto.fr\/index.php\/wp-json\/wp\/v2\/pages\/61","targetHints":{"allow":["GET"]}}],"collection":[{"href":"https:\/\/rqsto.fr\/index.php\/wp-json\/wp\/v2\/pages"}],"about":[{"href":"https:\/\/rqsto.fr\/index.php\/wp-json\/wp\/v2\/types\/page"}],"author":[{"embeddable":true,"href":"https:\/\/rqsto.fr\/index.php\/wp-json\/wp\/v2\/users\/1"}],"replies":[{"embeddable":true,"href":"https:\/\/rqsto.fr\/index.php\/wp-json\/wp\/v2\/comments?post=61"}],"version-history":[{"count":3,"href":"https:\/\/rqsto.fr\/index.php\/wp-json\/wp\/v2\/pages\/61\/revisions"}],"predecessor-version":[{"id":147,"href":"https:\/\/rqsto.fr\/index.php\/wp-json\/wp\/v2\/pages\/61\/revisions\/147"}],"up":[{"embeddable":true,"href":"https:\/\/rqsto.fr\/index.php\/wp-json\/wp\/v2\/pages\/75"}],"wp:attachment":[{"href":"https:\/\/rqsto.fr\/index.php\/wp-json\/wp\/v2\/media?parent=61"}],"curies":[{"name":"wp","href":"https:\/\/api.w.org\/{rel}","templated":true}]}}